{"id":6626,"date":"2021-04-20T22:39:39","date_gmt":"2021-04-21T03:39:39","guid":{"rendered":"https:\/\/hruizhnos.com\/en-us\/?page_id=6626"},"modified":"2025-12-10T21:12:47","modified_gmt":"2025-12-11T02:12:47","slug":"contacto","status":"publish","type":"page","link":"https:\/\/hruizhnos.com\/en-us\/contacto\/","title":{"rendered":"Contacto"},"content":{"rendered":"<div data-vc-full-width=\"true\" data-vc-full-width-init=\"false\" data-vc-stretch-content=\"true\" class=\"vc_row wpb_row vc_row-fluid vc_custom_1618533427525 vc_row-has-fill funiter_custom_693a289f5ae5d vc_custom_1618533427524 vc_custom_1618533427525\"><div class=\"wpb_column vc_column_container vc_col-sm-12\"><div class=\"vc_column-inner\"><div class=\"wpb_wrapper\">\n\t<div class=\"wpb_text_column wpb_content_element funiter_custom_693a289f5ae60 \" >\n\t\t<div class=\"wpb_wrapper\">\n\t\t\t<div class=\"funiter-banner style-03 funiter_custom_606f883a0cd2f \">\n<div class=\"banner-inner\">\n<div class=\"banner-info\">\n<div class=\"banner-top\">\n<div class=\"banner-top-left\">\n<div class=\"title\" style=\"text-align: center; color: #fbcd17;\">LEADERS IN MANUFACTURING AND QUALITY SINCE 1960<\/div>\n<h1 class=\"bigtitle\" style=\"text-align: center;\">Contact us!<\/h1>\n<div class=\"desc\" style=\"text-align: center;\">Our experts are attentive to your communication.<\/div>\n<\/div>\n<\/div>\n<div class=\"funiter-button style-01 funiter_custom_606fd77d3cc85 \">\n<div class=\"button-inner\"><a class=\"button\" style=\"color: #000000;\" href=\"#formulario\" target=\"_self\" rel=\"noopener\">CONTACT<\/a><\/div>\n<\/div>\n<\/div>\n<\/div>\n<\/div>\n\n\t\t<\/div>\n\t<\/div>\n<\/div><\/div><\/div><\/div><div class=\"vc_row-full-width vc_clearfix\"><\/div><div id=\"formulario\" class=\"vc_row wpb_row vc_row-fluid vc_custom_1618471537294 funiter_custom_693a289f5ae61 vc_custom_1618471537293 vc_custom_1618471537294 vc_custom_1618471537294\"><div class=\"wpb_column vc_column_container vc_col-sm-6 funiter_custom_693a289f5ae62 vc_custom_1521087382700 vc_custom_1521087382702 vc_custom_1521087382704 vc_custom_1521087382707 vc_custom_1521087382709\"><div class=\"vc_column-inner vc_custom_1521087382700\"><div class=\"wpb_wrapper\"><h3 style=\"text-align: left\" class=\"vc_custom_heading title-bd vc_custom_1623013464591 funiter_custom_693a289f5ae63 vc_custom_1623013464591\" >Our contact details<\/h3>\n\t<div class=\"wpb_text_column wpb_content_element vc_custom_1623013448081 funiter_custom_693a289f5ae64 vc_custom_1623013448081\" >\n\t\t<div class=\"wpb_wrapper\">\n\t\t\t<p>Locate us at any of our contact points and one of our advisors will be ready to help you.<\/p>\n\n\t\t<\/div>\n\t<\/div>\n<h6 style=\"text-align: left\" class=\"vc_custom_heading title-bd vc_custom_1618470604120 funiter_custom_693a289f5ae65 vc_custom_1618470604120\" >PER\u00da<\/h6>            <div class=\"funiter-iconbox style-03   vc_custom_1618470060182 funiter_custom_693a289f5ae66 vc_custom_1618470060182\">\r\n                <div class=\"iconbox-inner\">\r\n                                            <div class=\"icon\"><span class=\"flaticon-placeholder\"><\/span><\/div>\r\n                                        <div class=\"content\">\r\n                                                                            <p class=\"text\">Av. Nicol\u00e1s Ayll\u00f3n 864 - La Victoria - 15019<br \/>\nLima - Per\u00fa<\/p>\r\n                                            <\/div>\r\n                <\/div>\r\n            <\/div>\r\n                        <div class=\"funiter-iconbox style-03   vc_custom_1765419111392 funiter_custom_693a289f5ae67 vc_custom_1765419111392\">\r\n                <div class=\"iconbox-inner\">\r\n                                            <div class=\"icon\"><span class=\"flaticon-phone-call\"><\/span><\/div>\r\n                                        <div class=\"content\">\r\n                                                                            <p class=\"text\">(+51) 994176391<br \/>\n(+51) 994176390<\/p>\r\n                                            <\/div>\r\n                <\/div>\r\n            <\/div>\r\n                        <div class=\"funiter-iconbox style-03   vc_custom_1765419120010 funiter_custom_693a289f5ae68 vc_custom_1765419120010\">\r\n                <div class=\"iconbox-inner\">\r\n                                            <div class=\"icon\"><span class=\"flaticon-phone-call\"><\/span><\/div>\r\n                                        <div class=\"content\">\r\n                                                                            <p class=\"text\">(+511) 4737450<br \/>\n(+511) 3233468<\/p>\r\n                                            <\/div>\r\n                <\/div>\r\n            <\/div>\r\n                        <div class=\"funiter-iconbox style-03   vc_custom_1618470562462 funiter_custom_693a289f5ae69 vc_custom_1618470562462\">\r\n                <div class=\"iconbox-inner\">\r\n                                            <div class=\"icon\"><span class=\"flaticon-email\"><\/span><\/div>\r\n                                        <div class=\"content\">\r\n                                                                            <p class=\"text\">hruizhnos.eirl@gmail.com<\/p>\r\n                                            <\/div>\r\n                <\/div>\r\n            <\/div>\r\n                        <div class=\"funiter-iconbox style-03   funiter_custom_693a289f5ae6a \">\r\n                <div class=\"iconbox-inner\">\r\n                                            <div class=\"icon\"><span class=\"flaticon-watch\"><\/span><\/div>\r\n                                        <div class=\"content\">\r\n                                                                            <p class=\"text\">Mon-Sun: 08:00-17:00 | Sat: 08:00-13:00<\/p>\r\n                                            <\/div>\r\n                <\/div>\r\n            <\/div>\r\n            <h6 style=\"text-align: left\" class=\"vc_custom_heading title-bd vc_custom_1765306372477 funiter_custom_693a289f5ae6b vc_custom_1765306372477\" >NEW JERSEY<\/h6>            <div class=\"funiter-iconbox style-03   vc_custom_1765306280744 funiter_custom_693a289f5ae6c vc_custom_1765306280744\">\r\n                <div class=\"iconbox-inner\">\r\n                                            <div class=\"icon\"><span class=\"flaticon-placeholder\"><\/span><\/div>\r\n                                        <div class=\"content\">\r\n                                                                            <p class=\"text\">Rahway, New Jersey 07065<br \/>\nUnited State - USA<\/p>\r\n                                            <\/div>\r\n                <\/div>\r\n            <\/div>\r\n                        <div class=\"funiter-iconbox style-03   vc_custom_1765419149687 funiter_custom_693a289f5ae6d vc_custom_1765419149687\">\r\n                <div class=\"iconbox-inner\">\r\n                                            <div class=\"icon\"><span class=\"flaticon-phone-call\"><\/span><\/div>\r\n                                        <div class=\"content\">\r\n                                                                            <p class=\"text\"><strong>+1 (732) 877-0810<\/strong><br \/>\n+1 (908) 644-6412<\/p>\r\n                                            <\/div>\r\n                <\/div>\r\n            <\/div>\r\n                        <div class=\"funiter-iconbox style-03   funiter_custom_693a289f5ae6e \">\r\n                <div class=\"iconbox-inner\">\r\n                                            <div class=\"icon\"><span class=\"flaticon-watch\"><\/span><\/div>\r\n                                        <div class=\"content\">\r\n                                                                            <p class=\"text\">Mon-Sun: 08:00-20:00 | Sat: 08:00-20:00<\/p>\r\n                                            <\/div>\r\n                <\/div>\r\n            <\/div>\r\n            <h6 style=\"text-align: left\" class=\"vc_custom_heading title-bd vc_custom_1618470611574 funiter_custom_693a289f5ae6f vc_custom_1618470611574\" >MIAMI<\/h6>            <div class=\"funiter-iconbox style-03   vc_custom_1618470634290 funiter_custom_693a289f5ae70 vc_custom_1618470634290\">\r\n                <div class=\"iconbox-inner\">\r\n                                            <div class=\"icon\"><span class=\"flaticon-placeholder\"><\/span><\/div>\r\n                                        <div class=\"content\">\r\n                                                                            <p class=\"text\">14274 S.W. 139 Ct Miami FL<br \/>\nUnited State - USA<\/p>\r\n                                            <\/div>\r\n                <\/div>\r\n            <\/div>\r\n                        <div class=\"funiter-iconbox style-03   vc_custom_1765419165520 funiter_custom_693a289f5ae71 vc_custom_1765419165520\">\r\n                <div class=\"iconbox-inner\">\r\n                                            <div class=\"icon\"><span class=\"flaticon-phone-call\"><\/span><\/div>\r\n                                        <div class=\"content\">\r\n                                                                            <p class=\"text\">+1 (305) 253-0081<br \/>\n+1 (305) 528-1612<\/p>\r\n                                            <\/div>\r\n                <\/div>\r\n            <\/div>\r\n                        <div class=\"funiter-iconbox style-03   funiter_custom_693a289f5ae72 \">\r\n                <div class=\"iconbox-inner\">\r\n                                            <div class=\"icon\"><span class=\"flaticon-watch\"><\/span><\/div>\r\n                                        <div class=\"content\">\r\n                                                                            <p class=\"text\">Mon-Sun: 08:00-17:00 | Sat: 08:00-13:00<\/p>\r\n                                            <\/div>\r\n                <\/div>\r\n            <\/div>\r\n            <\/div><\/div><\/div><div class=\"wpb_column vc_column_container vc_col-sm-6 funiter_custom_693a289f5ae73 vc_custom_1618471528068 vc_custom_1618471528068 vc_custom_1618471528069 vc_custom_1618471528069 vc_custom_1618471528069\"><div class=\"vc_column-inner vc_custom_1618471528068\"><div class=\"wpb_wrapper\"><h3 style=\"text-align: left\" class=\"vc_custom_heading title-bd funiter_custom_693a289f5ae74\" >Write us here!<\/h3><div role=\"form\" class=\"wpcf7\" id=\"wpcf7-f6395-o1\" lang=\"es-ES\" dir=\"ltr\">\n<div class=\"screen-reader-response\"><p role=\"status\" aria-live=\"polite\" aria-atomic=\"true\"><\/p> <ul><\/ul><\/div>\n<form action=\"\/en-us\/wp-json\/wp\/v2\/pages\/6626#wpcf7-f6395-o1\" method=\"post\" class=\"wpcf7-form init\" novalidate=\"novalidate\" data-status=\"init\">\n<div style=\"display: none;\">\n<input type=\"hidden\" name=\"_wpcf7\" value=\"6395\" \/>\n<input type=\"hidden\" name=\"_wpcf7_version\" value=\"5.4.1\" \/>\n<input type=\"hidden\" name=\"_wpcf7_locale\" value=\"es_ES\" \/>\n<input type=\"hidden\" name=\"_wpcf7_unit_tag\" value=\"wpcf7-f6395-o1\" \/>\n<input type=\"hidden\" name=\"_wpcf7_container_post\" value=\"0\" \/>\n<input type=\"hidden\" name=\"_wpcf7_posted_data_hash\" value=\"\" \/>\n<\/div>\n<div class=\"flex-item\">\n<div style=\"padding: 5px 5px;\"><span class=\"wpcf7-form-control-wrap your-name\"><input type=\"text\" name=\"your-name\" value=\"\" size=\"40\" class=\"wpcf7-form-control wpcf7-text wpcf7-validates-as-required\" aria-required=\"true\" aria-invalid=\"false\" placeholder=\"Name*\" \/><\/span><\/div>\n<div style=\"padding: 5px 5px;\"><span class=\"wpcf7-form-control-wrap your-country\"><input type=\"text\" name=\"your-country\" value=\"\" size=\"40\" class=\"wpcf7-form-control wpcf7-text wpcf7-validates-as-required\" aria-required=\"true\" aria-invalid=\"false\" placeholder=\"Country*\" \/><\/span><\/div>\n<div style=\"padding: 5px 5px;\"><span class=\"wpcf7-form-control-wrap your-phone\"><input type=\"tel\" name=\"your-phone\" value=\"\" size=\"40\" class=\"wpcf7-form-control wpcf7-text wpcf7-tel wpcf7-validates-as-required wpcf7-validates-as-tel\" aria-required=\"true\" aria-invalid=\"false\" placeholder=\"Phone*\" \/><\/span><\/div>\n<div style=\"padding: 5px 5px;\"><span class=\"wpcf7-form-control-wrap your-mail\"><input type=\"email\" name=\"your-mail\" value=\"\" size=\"40\" class=\"wpcf7-form-control wpcf7-text wpcf7-email wpcf7-validates-as-email\" aria-invalid=\"false\" placeholder=\"e-mail\" \/><\/span><\/div>\n<div style=\"padding: 5px 5px;\"><span class=\"wpcf7-form-control-wrap your-msg\"><textarea name=\"your-msg\" cols=\"40\" rows=\"10\" class=\"wpcf7-form-control wpcf7-textarea\" aria-invalid=\"false\" placeholder=\"How can we help you?\"><\/textarea><\/span><\/div>\n<div style=\"padding: 5px 5px; color=#ffffff !important;\"> * You accept our Privacy Policy.<\/div>\n<p>  <input type=\"submit\" value=\"Send\" class=\"wpcf7-form-control wpcf7-submit\" \/>\n<\/p><\/div>\n<div class=\"wpcf7-response-output\" aria-hidden=\"true\"><\/div><\/form><\/div><\/div><\/div><\/div><\/div><div data-vc-full-width=\"true\" data-vc-full-width-init=\"false\" class=\"vc_row wpb_row vc_row-fluid funiter_custom_693a289f5ae76 vc_custom_1618471580259\"><div class=\"wpb_column vc_column_container vc_col-sm-12\"><div class=\"vc_column-inner\"><div class=\"wpb_wrapper\"><div class=\"wpb_gmaps_widget wpb_content_element funiter_custom_693a289f5ae77 \"><div class=\"wpb_wrapper\"><div class=\"wpb_map_wraper\"><iframe src=\"https:\/\/www.google.com\/maps\/embed?pb=!1m18!1m12!1m3!1d3901.7113740140785!2d-77.0008067!3d-12.063368899999999!2m3!1f0!2f0!3f0!3m2!1i1024!2i768!4f13.1!3m3!1m2!1s0x9105c61f69d72a3f%3A0x71d2af69f2588e29!2sH.%20Ruiz%20hnos.%20EIRL!5e0!3m2!1ses-419!2spe!4v1618158685650!5m2!1ses-419!2spe\" width=\"600\" height=\"450\" style=\"border:0;\" allowfullscreen=\"\" loading=\"lazy\"><\/iframe><\/div><\/div><\/div><\/div><\/div><\/div><\/div><div class=\"vc_row-full-width vc_clearfix\"><\/div>\n","protected":false},"excerpt":{"rendered":"LEADERS IN MANUFACTURING AND QUALITY SINCE 1960 Contact us! Our experts are attentive to your communication. CONTACT Our contact details Locate us at any of our contact points and one of our advisors will be ready to help you. PER\u00da Av. Nicol\u00e1s Ayll\u00f3n 864 - La Victoria - 15019 Lima - Per\u00fa (+51) 994176391 (+51) [...]","protected":false},"author":1,"featured_media":0,"parent":0,"menu_order":0,"comment_status":"closed","ping_status":"closed","template":"templates\/fullwidth.php","meta":[],"yoast_head":"<!-- This site is optimized with the Yoast SEO plugin v16.4 - https:\/\/yoast.com\/wordpress\/plugins\/seo\/ -->\n<title>Contact \u2714\ufe0f | H. Ruiz Hnos \u2b50\u2b50\u2b50\u2b50\u2b50<\/title>\n<meta name=\"description\" content=\"\u3010RUIZ HERMANOS\u3011 Since 1960 we guarantee your investment. We are Peruvian leaders in the manufacture of grilled chicken ovens and gastronomic equipment.\" \/>\n<meta name=\"robots\" content=\"index, follow, max-snippet:-1, max-image-preview:large, max-video-preview:-1\" \/>\n<link rel=\"canonical\" href=\"https:\/\/hruizhnos.com\/en-us\/contacto\/\" \/>\n<meta property=\"og:locale\" content=\"en_US\" \/>\n<meta property=\"og:type\" content=\"article\" \/>\n<meta property=\"og:title\" content=\"Contact \u2714\ufe0f | H. Ruiz Hnos \u2b50\u2b50\u2b50\u2b50\u2b50\" \/>\n<meta property=\"og:description\" content=\"\u3010RUIZ HERMANOS\u3011 Since 1960 we guarantee your investment. We are Peruvian leaders in the manufacture of grilled chicken ovens and gastronomic equipment.\" \/>\n<meta property=\"og:url\" content=\"https:\/\/hruizhnos.com\/en-us\/contacto\/\" \/>\n<meta property=\"og:site_name\" content=\"H. Ruiz Hnos. - English\" \/>\n<meta property=\"article:modified_time\" content=\"2025-12-11T02:12:47+00:00\" \/>\n<meta name=\"twitter:card\" content=\"summary_large_image\" \/>\n<meta name=\"twitter:label1\" content=\"Est. reading time\" \/>\n\t<meta name=\"twitter:data1\" content=\"2 minutes\" \/>\n<script type=\"application\/ld+json\" class=\"yoast-schema-graph\">{\"@context\":\"https:\/\/schema.org\",\"@graph\":[{\"@type\":\"WebSite\",\"@id\":\"https:\/\/hruizhnos.com\/en-us\/#website\",\"url\":\"https:\/\/hruizhnos.com\/en-us\/\",\"name\":\"H. Ruiz Hnos.\",\"description\":\"Hornos para Pollos a la Brasa\",\"potentialAction\":[{\"@type\":\"SearchAction\",\"target\":\"https:\/\/hruizhnos.com\/en-us\/?s={search_term_string}\",\"query-input\":\"required name=search_term_string\"}],\"inLanguage\":\"en-US\"},{\"@type\":\"WebPage\",\"@id\":\"https:\/\/hruizhnos.com\/en-us\/contacto\/#webpage\",\"url\":\"https:\/\/hruizhnos.com\/en-us\/contacto\/\",\"name\":\"Contact \\u2714\\ufe0f | H. Ruiz Hnos \\u2b50\\u2b50\\u2b50\\u2b50\\u2b50\",\"isPartOf\":{\"@id\":\"https:\/\/hruizhnos.com\/en-us\/#website\"},\"datePublished\":\"2021-04-21T03:39:39+00:00\",\"dateModified\":\"2025-12-11T02:12:47+00:00\",\"description\":\"\\u3010RUIZ HERMANOS\\u3011 Since 1960 we guarantee your investment. We are Peruvian leaders in the manufacture of grilled chicken ovens and gastronomic equipment.\",\"breadcrumb\":{\"@id\":\"https:\/\/hruizhnos.com\/en-us\/contacto\/#breadcrumb\"},\"inLanguage\":\"en-US\",\"potentialAction\":[{\"@type\":\"ReadAction\",\"target\":[\"https:\/\/hruizhnos.com\/en-us\/contacto\/\"]}]},{\"@type\":\"BreadcrumbList\",\"@id\":\"https:\/\/hruizhnos.com\/en-us\/contacto\/#breadcrumb\",\"itemListElement\":[{\"@type\":\"ListItem\",\"position\":1,\"item\":{\"@type\":\"WebPage\",\"@id\":\"https:\/\/hruizhnos.com\/en-us\/\",\"url\":\"https:\/\/hruizhnos.com\/en-us\/\",\"name\":\"Portada\"}},{\"@type\":\"ListItem\",\"position\":2,\"item\":{\"@id\":\"https:\/\/hruizhnos.com\/en-us\/contacto\/#webpage\"}}]}]}<\/script>\n<!-- \/ Yoast SEO plugin. -->","_links":{"self":[{"href":"https:\/\/hruizhnos.com\/en-us\/wp-json\/wp\/v2\/pages\/6626"}],"collection":[{"href":"https:\/\/hruizhnos.com\/en-us\/wp-json\/wp\/v2\/pages"}],"about":[{"href":"https:\/\/hruizhnos.com\/en-us\/wp-json\/wp\/v2\/types\/page"}],"author":[{"embeddable":true,"href":"https:\/\/hruizhnos.com\/en-us\/wp-json\/wp\/v2\/users\/1"}],"replies":[{"embeddable":true,"href":"https:\/\/hruizhnos.com\/en-us\/wp-json\/wp\/v2\/comments?post=6626"}],"version-history":[{"count":10,"href":"https:\/\/hruizhnos.com\/en-us\/wp-json\/wp\/v2\/pages\/6626\/revisions"}],"predecessor-version":[{"id":6760,"href":"https:\/\/hruizhnos.com\/en-us\/wp-json\/wp\/v2\/pages\/6626\/revisions\/6760"}],"wp:attachment":[{"href":"https:\/\/hruizhnos.com\/en-us\/wp-json\/wp\/v2\/media?parent=6626"}],"curies":[{"name":"wp","href":"https:\/\/api.w.org\/{rel}","templated":true}]}}